{"id":1296,"date":"2023-10-17T18:06:00","date_gmt":"2023-10-17T22:06:00","guid":{"rendered":"https:\/\/indianowilliams.com\/nuestros-abogados\/"},"modified":"2024-07-31T18:39:04","modified_gmt":"2024-07-31T22:39:04","slug":"nuestros-abogados","status":"publish","type":"page","link":"https:\/\/indianowilliams.com\/es\/nuestros-abogados\/","title":{"rendered":"Nuestros abogados"},"content":{"rendered":"\n\n\t<h1>\n\t\t\t\tNuestros abogados\n\t\t\t<\/h1>\n\t<h2>\n\t\t\t\tConoce al equipo\n\t\t\t<\/h2>\n\t<p>Los abogados de Indiano &amp; Williams, P.S.C., un bufete de primera l\u00ednea al servicio de Puerto Rico, prestamos a cada uno de nuestros clientes una atenci\u00f3n personalizada y trabajamos con \u00e9l para ayudarle a desarrollar una estrategia de litigio especializada en cada caso. Gracias a la experiencia acumulada de los abogados, trabajamos con el mayor nivel de eficacia para ayudar al cliente a maximizar los beneficios minimizando las horas dedicadas a los litigios. En Indiano &amp; Williams, P.S.C., las necesidades del cliente son siempre la consideraci\u00f3n principal en cualquier decisi\u00f3n de estrategia de litigio.<\/p>\n\t\t\t\t<img decoding=\"async\" src=\"https:\/\/indianowilliams.com\/wp-content\/uploads\/2024\/07\/indiano-williams-group.jpg\" alt=\"#image_title\" title=\"indiano williams group\" itemprop=\"image\"\/>\n\t\t\t\t<a href=\"https:\/\/indianowilliams.com\/attorney-david-c-indiano\/\" target=\"_self\" itemprop=\"url\" rel=\"noopener\">\n\t\t\t\t<img loading=\"lazy\" decoding=\"async\" src=\"https:\/\/indianowilliams.com\/wp-content\/uploads\/2024\/07\/David-C-Indiano.jpg\" alt=\"#image_title\" itemprop=\"image\" height=\"1200\" width=\"800\" title=\"David C Indiano\" onerror=\"this.style.display='none'\"  \/>\n\t\t\t\t<\/a>\n<h4><a href=\"https:\/\/indianowilliams.com\/attorney-david-c-indiano\/\" target=\"_self\" rel=\"noopener\">David C. Indiano<\/a><\/h4><p><em>Socio fundador<\/em><\/p>\n\t\t\t\t<a href=\"https:\/\/indianowilliams.com\/attorney-jeffrey-m-williams\/\" target=\"_self\" itemprop=\"url\" rel=\"noopener\">\n\t\t\t\t<img loading=\"lazy\" decoding=\"async\" src=\"https:\/\/indianowilliams.com\/wp-content\/uploads\/2024\/07\/Jeffrey-M-Williams.jpg\" alt=\"#image_title\" itemprop=\"image\" height=\"1200\" width=\"800\" title=\"Jeffrey M Williams\" onerror=\"this.style.display='none'\"  \/>\n\t\t\t\t<\/a>\n<h4><a href=\"https:\/\/indianowilliams.com\/attorney-jeffrey-m-williams\/\" target=\"_self\" rel=\"noopener\">Jeffrey M. Williams<\/a><\/h4><p><em>Socio fundador<\/em><\/p>\n\t\t\t\t<a href=\"https:\/\/indianowilliams.com\/attorney-vanesa-vicens-sanchez\/\" target=\"_self\" itemprop=\"url\" rel=\"noopener\">\n\t\t\t\t<img loading=\"lazy\" decoding=\"async\" src=\"https:\/\/indianowilliams.com\/wp-content\/uploads\/2024\/07\/Vanesa-Vicens-Sanchez.jpg\" alt=\"#image_title\" itemprop=\"image\" height=\"1600\" width=\"1067\" title=\"Vanesa Vic\u00e9ns-S\u00e1nchez\" onerror=\"this.style.display='none'\"  \/>\n\t\t\t\t<\/a>\n<h4><a href=\"https:\/\/indianowilliams.com\/attorney-vanesa-vicens-sanchez\/\" target=\"_self\" rel=\"noopener\">Vanesa Vicens-S\u00e1nchez<\/a><\/h4><p><em>Asociado Senior<\/em><\/p>\n\t\t\t\t<a href=\"https:\/\/indianowilliams.com\/attorney-joanne-pimentel\/\" target=\"_self\" itemprop=\"url\" rel=\"noopener\">\n\t\t\t\t<img loading=\"lazy\" decoding=\"async\" src=\"https:\/\/indianowilliams.com\/wp-content\/uploads\/2024\/07\/Joanne-Pimentel-de-Jesus.jpg\" alt=\"#image_title\" itemprop=\"image\" height=\"1600\" width=\"1067\" title=\"Joanne Pimentel de Jes\u00fas\" onerror=\"this.style.display='none'\"  \/>\n\t\t\t\t<\/a>\n<h4><a href=\"https:\/\/indianowilliams.com\/attorney-joanne-pimentel\/\" target=\"_self\" rel=\"noopener\">Joanne Pimentel<\/a><\/h4><p><em>Asociado<\/em><\/p>\n\t\t<h3>Ready to find out more?<\/h3>\n\t\t<p>Drop us a line today for a free consultation.<\/p>\n\t\t\t<a href=\"https:\/\/indianowilliams.com\/contact-us\/\" target=\"_self\" rel=\"noopener\">\n\t\t\t\t\t\t\tContact Us\n\t\t\t\t\t<\/a>\n\n","protected":false},"excerpt":{"rendered":"<p>Nuestros abogados Conoce al equipo Los abogados de Indiano &amp; Williams, P.S.C., un bufete de primera l\u00ednea al servicio de Puerto Rico, prestamos a cada uno de nuestros clientes una atenci\u00f3n personalizada y trabajamos con \u00e9l para ayudarle a desarrollar una estrategia de litigio especializada en cada caso. Gracias a la experiencia acumulada de los [&hellip;]<\/p>\n","protected":false},"author":1,"featured_media":0,"parent":0,"menu_order":0,"comment_status":"closed","ping_status":"closed","template":"","meta":{"_monsterinsights_skip_tracking":false,"_monsterinsights_sitenote_active":false,"_monsterinsights_sitenote_note":"","_monsterinsights_sitenote_category":0,"site-sidebar-layout":"no-sidebar","site-content-layout":"page-builder","ast-site-content-layout":"default","site-content-style":"default","site-sidebar-style":"default","ast-global-header-display":"","ast-banner-title-visibility":"","ast-main-header-display":"","ast-hfb-above-header-display":"","ast-hfb-below-header-display":"","ast-hfb-mobile-header-display":"","site-post-title":"disabled","ast-breadcrumbs-content":"","ast-featured-img":"disabled","footer-sml-layout":"","ast-disable-related-posts":"","theme-transparent-header-meta":"default","adv-header-id-meta":"","stick-header-meta":"default","header-above-stick-meta":"","header-main-stick-meta":"","header-below-stick-meta":"","astra-migrate-meta-layouts":"default","ast-page-background-enabled":"default","ast-page-background-meta":{"desktop":{"background-color":"","background-image":"","background-repeat":"repeat","background-position":"center center","background-size":"auto","background-attachment":"scroll","background-type":"","background-media":"","overlay-type":"","overlay-color":"","overlay-opacity":"","overlay-gradient":""},"tablet":{"background-color":"","background-image":"","background-repeat":"repeat","background-position":"center center","background-size":"auto","background-attachment":"scroll","background-type":"","background-media":"","overlay-type":"","overlay-color":"","overlay-opacity":"","overlay-gradient":""},"mobile":{"background-color":"","background-image":"","background-repeat":"repeat","background-position":"center center","background-size":"auto","background-attachment":"scroll","background-type":"","background-media":"","overlay-type":"","overlay-color":"","overlay-opacity":"","overlay-gradient":""}},"ast-content-background-meta":{"desktop":{"background-color":"var(--ast-global-color-5)","background-image":"","background-repeat":"repeat","background-position":"center center","background-size":"auto","background-attachment":"scroll","background-type":"","background-media":"","overlay-type":"","overlay-color":"","overlay-opacity":"","overlay-gradient":""},"tablet":{"background-color":"var(--ast-global-color-5)","background-image":"","background-repeat":"repeat","background-position":"center center","background-size":"auto","background-attachment":"scroll","background-type":"","background-media":"","overlay-type":"","overlay-color":"","overlay-opacity":"","overlay-gradient":""},"mobile":{"background-color":"var(--ast-global-color-5)","background-image":"","background-repeat":"repeat","background-position":"center center","background-size":"auto","background-attachment":"scroll","background-type":"","background-media":"","overlay-type":"","overlay-color":"","overlay-opacity":"","overlay-gradient":""}},"footnotes":""},"class_list":["post-1296","page","type-page","status-publish","hentry"],"aioseo_notices":[],"_links":{"self":[{"href":"https:\/\/indianowilliams.com\/es\/wp-json\/wp\/v2\/pages\/1296","targetHints":{"allow":["GET"]}}],"collection":[{"href":"https:\/\/indianowilliams.com\/es\/wp-json\/wp\/v2\/pages"}],"about":[{"href":"https:\/\/indianowilliams.com\/es\/wp-json\/wp\/v2\/types\/page"}],"author":[{"embeddable":true,"href":"https:\/\/indianowilliams.com\/es\/wp-json\/wp\/v2\/users\/1"}],"replies":[{"embeddable":true,"href":"https:\/\/indianowilliams.com\/es\/wp-json\/wp\/v2\/comments?post=1296"}],"version-history":[{"count":1,"href":"https:\/\/indianowilliams.com\/es\/wp-json\/wp\/v2\/pages\/1296\/revisions"}],"predecessor-version":[{"id":1388,"href":"https:\/\/indianowilliams.com\/es\/wp-json\/wp\/v2\/pages\/1296\/revisions\/1388"}],"wp:attachment":[{"href":"https:\/\/indianowilliams.com\/es\/wp-json\/wp\/v2\/media?parent=1296"}],"curies":[{"name":"wp","href":"https:\/\/api.w.org\/{rel}","templated":true}]}}